







{"id":1803,"date":"2021-03-31T15:39:01","date_gmt":"2021-03-31T09:54:01","guid":{"rendered":"https:\/\/www.nepalmountaintrekkers.com\/new\/de\/?page_id=1803"},"modified":"2021-03-31T15:39:02","modified_gmt":"2021-03-31T09:54:02","slug":"verschiedene-arten-von-trekking","status":"publish","type":"page","link":"https:\/\/www.nepalmountaintrekkers.com\/de\/verschiedene-arten-von-trekking\/","title":{"rendered":"Verschiedene Arten von Trekking"},"content":{"rendered":"\n<p>Trekking in Nepal wird haupts\u00e4chlich auf zwei Arten organisiert. Zum einen gibt es die Teehauswanderungen und dann auch den&nbsp; Camping-Trek. Die Art des Trekkings h\u00e4ngt einmal von der pers\u00f6nlichen Wahl ab, haupts\u00e4chlich jedoch vom Trekkingziel, seiner Beliebtheit, seinem Schwierigkeitsgrad und den auf dem Trail verf\u00fcgbaren Dienstleistungen. Diese beiden Arten von Trekking werden wie folgt erkl\u00e4rt:<\/p>\n\n\n\n<p><br><strong>Teehaus Trekking \/&nbsp; Lodge Trekking:<\/strong><\/p>\n\n\n\n<p><br>Teehaus-Trekking oder Lodge-to-Lodge-Trekking ist am h\u00e4ufigsten und wird besonders auf beliebten Trekkingrouten gew\u00e4hlt, vor allem in den Regionen Everest und Annapurna. Die Hauptidee des Teehaus-Trekkings ist, dass der Trekker zusammen mit seinem Team w\u00e4hrend der gesamten Dauer des Trekkings jede Nacht in einem Teehaus (Gasthaus) am Zielort \u00fcbernachtet. Alle grundlegenden Einrichtungen von den Mahlzeiten bis zu den Zimmern \/ Unterk\u00fcnften, sanit\u00e4ren Anlagen und anderen Einrichtungen werden in Teeh\u00e4usern angeboten.<br>Normalerweise beginnen wir unseren Tag um 7 bis 8 Uhr morgens nach dem Fr\u00fchst\u00fcck, essen gegen zw\u00f6lf zu Mittag und erreichen unser n\u00e4chstes Teehaus zum Abendessen und zur \u00dcbernachtung um 17 bis 18 Uhr. Auf unserem Weg bietet das Teehaus-Trekking die gleiche Chance die besten Aussichten auf die Himalaya-Landschaft zu erleben und beim Trekking das Beste aus Natur und Kultur zu genie\u00dfen. Normalerweise ist Teehaus-Trekking billiger als Camping-Trekking.<\/p>\n\n\n\n<p><br><strong>Camping Trekking:<\/strong><\/p>\n\n\n\n<p><br>Wenn wir \u00fcber Trekking sprechen, haben wir oft das Bild des Aufbaus von Zeltlagern und ein Lagerfeuer vor Augen. Camping-Treks werden von jenen bevorzugt, die es lieben, noch mehr Abenteuer abseits der Touristenpfade in entlegenen Teilen Nepals zu erleben, an Orten die wenig besucht sind und ein authentisches Trekking-Erlebnis bieten.<br><br>W\u00e4hrend des Camping-Treks wird die gesamte Trekkingausr\u00fcstung, Zelte und Zubeh\u00f6r, Verpflegung und K\u00fcchenutensilien von vielen Gep\u00e4cktr\u00e4gern getragen. Es wird eine gro\u00dfe Trekking-Crew geben die Koch, Tr\u00e4ger, Helfer, Trekking-Guide und Leiter umfasst. Es wird wie eine gro\u00dfe Familie auf einer Reise sein. Sie erhalten jeden Tag verschiedene k\u00f6stliche Mahlzeiten, die beim Teehaus-Trekking m\u00f6glicherweise nicht verf\u00fcgbar sind. Auch ein Camping-Trek bietet verschiedene, einzigartige und echte Trekking-Erlebnisse, von denen wir normalerweise nur tr\u00e4umen k\u00f6nnen.<\/p>\n","protected":false},"excerpt":{"rendered":"<p>Trekking in Nepal wird haupts\u00e4chlich auf zwei Arten organisiert. Zum einen gibt es die Teehauswanderungen und dann auch den&nbsp; Camping-Trek. Die Art des Trekkings h\u00e4ngt einmal von der pers\u00f6nlichen Wahl ab, haupts\u00e4chlich jedoch vom Trekkingziel, seiner Beliebtheit, seinem Schwierigkeitsgrad und den auf dem Trail verf\u00fcgbaren Dienstleistungen. Diese beiden Arten von Trekking werden wie folgt erkl\u00e4rt: [&hellip;]<\/p>\n","protected":false},"author":2,"featured_media":0,"parent":0,"menu_order":0,"comment_status":"closed","ping_status":"closed","template":"","meta":{"_acf_changed":false,"footnotes":""},"page_category":[22],"class_list":["post-1803","page","type-page","status-publish","hentry","page_category-things-to-know-before-trip"],"acf":[],"yoast_head":"<!-- This site is optimized with the Yoast SEO plugin v25.6 - https:\/\/yoast.com\/wordpress\/plugins\/seo\/ -->\n<title>Verschiedene Arten von Trekking - Nepal Mountain Trekkers Germany<\/title>\n<meta name=\"robots\" content=\"index, follow, max-snippet:-1, max-image-preview:large, max-video-preview:-1\" \/>\n<link rel=\"canonical\" href=\"https:\/\/www.nepalmountaintrekkers.com\/de\/verschiedene-arten-von-trekking\/\" \/>\n<meta property=\"og:locale\" content=\"en_US\" \/>\n<meta property=\"og:type\" content=\"article\" \/>\n<meta property=\"og:title\" content=\"Verschiedene Arten von Trekking - Nepal Mountain Trekkers Germany\" \/>\n<meta property=\"og:description\" content=\"Trekking in Nepal wird haupts\u00e4chlich auf zwei Arten organisiert. Zum einen gibt es die Teehauswanderungen und dann auch den&nbsp; Camping-Trek. Die Art des Trekkings h\u00e4ngt einmal von der pers\u00f6nlichen Wahl ab, haupts\u00e4chlich jedoch vom Trekkingziel, seiner Beliebtheit, seinem Schwierigkeitsgrad und den auf dem Trail verf\u00fcgbaren Dienstleistungen. Diese beiden Arten von Trekking werden wie folgt erkl\u00e4rt: [&hellip;]\" \/>\n<meta property=\"og:url\" content=\"https:\/\/www.nepalmountaintrekkers.com\/de\/verschiedene-arten-von-trekking\/\" \/>\n<meta property=\"og:site_name\" content=\"Nepal Mountain Trekkers Germany\" \/>\n<meta property=\"article:modified_time\" content=\"2021-03-31T09:54:02+00:00\" \/>\n<meta name=\"twitter:card\" content=\"summary_large_image\" \/>\n<meta name=\"twitter:label1\" content=\"Est. reading time\" \/>\n\t<meta name=\"twitter:data1\" content=\"2 minutes\" \/>\n<script type=\"application\/ld+json\" class=\"yoast-schema-graph\">{\"@context\":\"https:\/\/schema.org\",\"@graph\":[{\"@type\":\"WebPage\",\"@id\":\"https:\/\/www.nepalmountaintrekkers.com\/de\/verschiedene-arten-von-trekking\/\",\"url\":\"https:\/\/www.nepalmountaintrekkers.com\/de\/verschiedene-arten-von-trekking\/\",\"name\":\"Verschiedene Arten von Trekking - Nepal Mountain Trekkers Germany\",\"isPartOf\":{\"@id\":\"https:\/\/www.nepalmountaintrekkers.com\/de\/#website\"},\"datePublished\":\"2021-03-31T09:54:01+00:00\",\"dateModified\":\"2021-03-31T09:54:02+00:00\",\"breadcrumb\":{\"@id\":\"https:\/\/www.nepalmountaintrekkers.com\/de\/verschiedene-arten-von-trekking\/#breadcrumb\"},\"inLanguage\":\"en-US\",\"potentialAction\":[{\"@type\":\"ReadAction\",\"target\":[\"https:\/\/www.nepalmountaintrekkers.com\/de\/verschiedene-arten-von-trekking\/\"]}]},{\"@type\":\"BreadcrumbList\",\"@id\":\"https:\/\/www.nepalmountaintrekkers.com\/de\/verschiedene-arten-von-trekking\/#breadcrumb\",\"itemListElement\":[{\"@type\":\"ListItem\",\"position\":1,\"name\":\"Home\",\"item\":\"https:\/\/www.nepalmountaintrekkers.com\/de\/\"},{\"@type\":\"ListItem\",\"position\":2,\"name\":\"Verschiedene Arten von Trekking\"}]},{\"@type\":\"WebSite\",\"@id\":\"https:\/\/www.nepalmountaintrekkers.com\/de\/#website\",\"url\":\"https:\/\/www.nepalmountaintrekkers.com\/de\/\",\"name\":\"Nepal Mountain Trekkers Germany\",\"description\":\"das beste Reiseb\u00fcro f\u00fcr Touren in Nepal, Trekking in Nepal und Gipfelbesteigungen in Nepal\",\"potentialAction\":[{\"@type\":\"SearchAction\",\"target\":{\"@type\":\"EntryPoint\",\"urlTemplate\":\"https:\/\/www.nepalmountaintrekkers.com\/de\/?s={search_term_string}\"},\"query-input\":{\"@type\":\"PropertyValueSpecification\",\"valueRequired\":true,\"valueName\":\"search_term_string\"}}],\"inLanguage\":\"en-US\"}]}<\/script>\n<!-- \/ Yoast SEO plugin. -->","yoast_head_json":{"title":"Verschiedene Arten von Trekking - Nepal Mountain Trekkers Germany","robots":{"index":"index","follow":"follow","max-snippet":"max-snippet:-1","max-image-preview":"max-image-preview:large","max-video-preview":"max-video-preview:-1"},"canonical":"https:\/\/www.nepalmountaintrekkers.com\/de\/verschiedene-arten-von-trekking\/","og_locale":"en_US","og_type":"article","og_title":"Verschiedene Arten von Trekking - Nepal Mountain Trekkers Germany","og_description":"Trekking in Nepal wird haupts\u00e4chlich auf zwei Arten organisiert. Zum einen gibt es die Teehauswanderungen und dann auch den&nbsp; Camping-Trek. Die Art des Trekkings h\u00e4ngt einmal von der pers\u00f6nlichen Wahl ab, haupts\u00e4chlich jedoch vom Trekkingziel, seiner Beliebtheit, seinem Schwierigkeitsgrad und den auf dem Trail verf\u00fcgbaren Dienstleistungen. Diese beiden Arten von Trekking werden wie folgt erkl\u00e4rt: [&hellip;]","og_url":"https:\/\/www.nepalmountaintrekkers.com\/de\/verschiedene-arten-von-trekking\/","og_site_name":"Nepal Mountain Trekkers Germany","article_modified_time":"2021-03-31T09:54:02+00:00","twitter_card":"summary_large_image","twitter_misc":{"Est. reading time":"2 minutes"},"schema":{"@context":"https:\/\/schema.org","@graph":[{"@type":"WebPage","@id":"https:\/\/www.nepalmountaintrekkers.com\/de\/verschiedene-arten-von-trekking\/","url":"https:\/\/www.nepalmountaintrekkers.com\/de\/verschiedene-arten-von-trekking\/","name":"Verschiedene Arten von Trekking - Nepal Mountain Trekkers Germany","isPartOf":{"@id":"https:\/\/www.nepalmountaintrekkers.com\/de\/#website"},"datePublished":"2021-03-31T09:54:01+00:00","dateModified":"2021-03-31T09:54:02+00:00","breadcrumb":{"@id":"https:\/\/www.nepalmountaintrekkers.com\/de\/verschiedene-arten-von-trekking\/#breadcrumb"},"inLanguage":"en-US","potentialAction":[{"@type":"ReadAction","target":["https:\/\/www.nepalmountaintrekkers.com\/de\/verschiedene-arten-von-trekking\/"]}]},{"@type":"BreadcrumbList","@id":"https:\/\/www.nepalmountaintrekkers.com\/de\/verschiedene-arten-von-trekking\/#breadcrumb","itemListElement":[{"@type":"ListItem","position":1,"name":"Home","item":"https:\/\/www.nepalmountaintrekkers.com\/de\/"},{"@type":"ListItem","position":2,"name":"Verschiedene Arten von Trekking"}]},{"@type":"WebSite","@id":"https:\/\/www.nepalmountaintrekkers.com\/de\/#website","url":"https:\/\/www.nepalmountaintrekkers.com\/de\/","name":"Nepal Mountain Trekkers Germany","description":"das beste Reiseb\u00fcro f\u00fcr Touren in Nepal, Trekking in Nepal und Gipfelbesteigungen in Nepal","potentialAction":[{"@type":"SearchAction","target":{"@type":"EntryPoint","urlTemplate":"https:\/\/www.nepalmountaintrekkers.com\/de\/?s={search_term_string}"},"query-input":{"@type":"PropertyValueSpecification","valueRequired":true,"valueName":"search_term_string"}}],"inLanguage":"en-US"}]}},"_links":{"self":[{"href":"https:\/\/www.nepalmountaintrekkers.com\/de\/wp-json\/wp\/v2\/pages\/1803"}],"collection":[{"href":"https:\/\/www.nepalmountaintrekkers.com\/de\/wp-json\/wp\/v2\/pages"}],"about":[{"href":"https:\/\/www.nepalmountaintrekkers.com\/de\/wp-json\/wp\/v2\/types\/page"}],"author":[{"embeddable":true,"href":"https:\/\/www.nepalmountaintrekkers.com\/de\/wp-json\/wp\/v2\/users\/2"}],"replies":[{"embeddable":true,"href":"https:\/\/www.nepalmountaintrekkers.com\/de\/wp-json\/wp\/v2\/comments?post=1803"}],"version-history":[{"count":1,"href":"https:\/\/www.nepalmountaintrekkers.com\/de\/wp-json\/wp\/v2\/pages\/1803\/revisions"}],"predecessor-version":[{"id":1804,"href":"https:\/\/www.nepalmountaintrekkers.com\/de\/wp-json\/wp\/v2\/pages\/1803\/revisions\/1804"}],"wp:attachment":[{"href":"https:\/\/www.nepalmountaintrekkers.com\/de\/wp-json\/wp\/v2\/media?parent=1803"}],"wp:term":[{"taxonomy":"page_category","embeddable":true,"href":"https:\/\/www.nepalmountaintrekkers.com\/de\/wp-json\/wp\/v2\/page_category?post=1803"}],"curies":[{"name":"wp","href":"https:\/\/api.w.org\/{rel}","templated":true}]}}