







{"id":1819,"date":"2021-04-02T13:59:54","date_gmt":"2021-04-02T08:14:54","guid":{"rendered":"https:\/\/www.nepalmountaintrekkers.com\/new\/de\/?page_id=1819"},"modified":"2021-04-07T13:39:48","modified_gmt":"2021-04-07T07:54:48","slug":"warum-nepal-mountain-trekkers","status":"publish","type":"page","link":"https:\/\/www.nepalmountaintrekkers.com\/de\/warum-nepal-mountain-trekkers\/","title":{"rendered":"Warum Nepal Mountain Trekkers"},"content":{"rendered":"\n<p>Es ist eine gute Frage. Da &nbsp;es in Nepal Tausende von Reiseb\u00fcros und Trekkingunternehmen gibt, ist es jedoch wirklich schwer zu entscheiden, ob sie vertrauensw\u00fcrdig sind oder nicht. Bitte werfen Sie einen Blick auf unsere Webseite, warum Sie Nepal Mountain Trekkers als Reisepartner in Nepal w\u00e4hlen sollten.<\/p>\n\n\n\n<h5 class=\"wp-block-heading\">\u201eSicherheit, Zufriedenheit und Erfolg\u201c<\/h5>\n\n\n\n<p>Es ist offensichtlich, dass h\u00f6here Risiken zu einer h\u00f6heren Aufregung f\u00fchren k\u00f6nnen. &nbsp;Wir wollen Risiken minimieren und sie mit angemessener Sicherheit durch Nepal f\u00fchren. Als Nepal Mountain Trekkers sorgen wir daf\u00fcr, dass unsere Kunden f\u00fcr die Wanderung k\u00f6rperlich und &nbsp;mental gut vorbereitet sind . Wir versuchen sie bestm\u00f6glich vorzubereiten.. Dar\u00fcber hinaus sind unsere Guides und andere Trekkingangestellte mit den Trekkingregionen vertraut und verf\u00fcgen auf diesem Gebiet \u00fcber mehr als zwei Jahrzehnte Erfahrung. Jeder in unserem Team ist von der Regierung lizenziert und beherrscht seine Arbeit. Unsere Crew ist st\u00e4ndig mit unserer Zentrale in Kontakt und bringt sich fortlaufend auf den neusten Stand. Auch damit &nbsp;um rechtzeitig medizinische Einrichtungen erreichen und Hilfe im Notafall zu erhalten. Bei Bedarf sogar Helikopterrettung..<\/p>\n\n\n\n<p>NMT hat von verschiedenen Organisationen und Verb\u00e4nden, einschlie\u00dflich TripAdvisor, ein Zertifikat erhalten. Unter dem Motto \u201eSicherheit, Erfolg und Zufriedenheit\u201c stellt NMT sicher, dass unsere Kunden das Beste aus unseren Dienstleistungen erhalten.<\/p>\n\n\n\n<h5 class=\"wp-block-heading\">Finanzieller Schutz und keine versteckten Kosten<\/h5>\n\n\n\n<p>W\u00e4hrend Sie eine Anfrage bei NMT machen oder eine Reise buchen, geben wir immer das genaue Kostenangebot an, in dem angegeben ist, wo ihr Geld &nbsp;ausgegeben wird. Wir befolgen stets ein sicheres Transaktionsverfahren f\u00fcr die Zahlung und geben Ihnen jedes Detail \u00fcber alle Kosten. Sie k\u00f6nnen sich also sicher f\u00fchlen, wenn Sie Ihr hart verdientes Geld f\u00fcr die Reise mit uns investieren.<\/p>\n\n\n\n<h5 class=\"wp-block-heading\">Gesetzlich eingetragenes Trekkingunternehmen in Nepal<\/h5>\n\n\n\n<p>Nepal Mountain Trekkers ist eine gesetzlich registrierte Trekkingfirma in Nepal, die mit dem Ministerium f\u00fcr Tourismus, dem Nepal Tourism Board (NTB), der Trekkingagenturen-Vereinigung von Nepal (TAAN) und der Nepal Mountaineering Association (NMA) verbunden ist. Alle unsere Trekking- und Kletterst\u00e4be sind staatliche Lizenzinhaber, deren Erfahrung jenseits des Zertifikats liegt.<\/p>\n\n\n\n<h5 class=\"wp-block-heading\">Umwelt und Gesellschaft Responsive<\/h5>\n\n\n\n<p>Bei der Organisation einer Reise geht es nicht nur darum, die Kunden zufrieden zu stellen und Gewinne zu erzielen. NMT glaubt, dass wir unsere Natur und unsere Gesellschaft respektieren und akzeptiern m\u00fcssen. Daher sollten unsere Aktivit\u00e4ten positive und f\u00f6rderliche Auswirkungen auf unsere Umwelt und Gesellschaft haben. NMT verwendet umweltfreundliche Ger\u00e4te und Bioprodukte sbeteiligt sich an einer Kampagne, um das Bewusstsein f\u00fcr den Umweltschutz zu wecken. Unser Team ist bei jeder Wanderung und Tour sehr um den Umweltschutz bem\u00fcht.<\/p>\n\n\n\n<p>Dar\u00fcber hinaus stellen wir den Ureinwohnern eine Besch\u00e4ftigung nach ihrem Wissen und ihrer F\u00e4higkeit zum Wohl der Gesellschaft zur Verf\u00fcgung. Deshalb kennen die meisten unserer Trekkingcrew &nbsp;den Bereich Trekking. Wir sind aber auch in verschiedenen sozialen Werken involviert, darunter \u201eBright Future for Children\u201c, die einen Teil unseres Gewinns erhalten. Daneben verteilen sich 5% unseres Jahresgewinns auf alle Mitarbeiter unseres Unternehmens und 5% werden als Beitrag f\u00fcr verschiedene soziale Aktivit\u00e4ten verwendet.<\/p>\n\n\n\n<h5 class=\"wp-block-heading\">Wir sind versichert. Bist du es auch?<\/h5>\n\n\n\n<p>\u201eVorbeugen ist besser als heilen\u201c, um unerw\u00fcnschte und unerwartete Risiken zu vermeiden, die au\u00dferhalb unserer Kontrolle liegen; Wir haben alle unsere Mitarbeiter versichert. Wir empfehlen allen unseren Kunden, sich vor der Reise mit der besten Versicherungspolice zu versichern.<\/p>\n\n\n\n<h5 class=\"wp-block-heading\">100% personalisierte Reisen<\/h5>\n\n\n\n<p>Nepal Mountain Trekkers erm\u00f6glichen unseren Kunden die Flexibilit\u00e4t, den Reiseverlauf und die Reisedaten sowie die Serviceleistungen anzupassen. Sie k\u00f6nnen jedes unserer Pakete ausw\u00e4hlen und entsprechend Ihren Anforderungen anpassen,<\/p>\n","protected":false},"excerpt":{"rendered":"<p>Es ist eine gute Frage. Da &nbsp;es in Nepal Tausende von Reiseb\u00fcros und Trekkingunternehmen gibt, ist es jedoch wirklich schwer zu entscheiden, ob sie vertrauensw\u00fcrdig sind oder nicht. Bitte werfen Sie einen Blick auf unsere Webseite, warum Sie Nepal Mountain Trekkers als Reisepartner in Nepal w\u00e4hlen sollten. \u201eSicherheit, Zufriedenheit und Erfolg\u201c Es ist offensichtlich, dass [&hellip;]<\/p>\n","protected":false},"author":2,"featured_media":0,"parent":0,"menu_order":0,"comment_status":"closed","ping_status":"closed","template":"","meta":{"_acf_changed":false,"footnotes":""},"page_category":[19],"class_list":["post-1819","page","type-page","status-publish","hentry","page_category-warum-nepal-mountain-trekkers"],"acf":[],"yoast_head":"<!-- This site is optimized with the Yoast SEO plugin v25.6 - https:\/\/yoast.com\/wordpress\/plugins\/seo\/ -->\n<title>Warum Nepal Mountain Trekkers - Nepal Mountain Trekkers Germany<\/title>\n<meta name=\"robots\" content=\"index, follow, max-snippet:-1, max-image-preview:large, max-video-preview:-1\" \/>\n<link rel=\"canonical\" href=\"https:\/\/www.nepalmountaintrekkers.com\/de\/warum-nepal-mountain-trekkers\/\" \/>\n<meta property=\"og:locale\" content=\"en_US\" \/>\n<meta property=\"og:type\" content=\"article\" \/>\n<meta property=\"og:title\" content=\"Warum Nepal Mountain Trekkers - Nepal Mountain Trekkers Germany\" \/>\n<meta property=\"og:description\" content=\"Es ist eine gute Frage. Da &nbsp;es in Nepal Tausende von Reiseb\u00fcros und Trekkingunternehmen gibt, ist es jedoch wirklich schwer zu entscheiden, ob sie vertrauensw\u00fcrdig sind oder nicht. Bitte werfen Sie einen Blick auf unsere Webseite, warum Sie Nepal Mountain Trekkers als Reisepartner in Nepal w\u00e4hlen sollten. \u201eSicherheit, Zufriedenheit und Erfolg\u201c Es ist offensichtlich, dass [&hellip;]\" \/>\n<meta property=\"og:url\" content=\"https:\/\/www.nepalmountaintrekkers.com\/de\/warum-nepal-mountain-trekkers\/\" \/>\n<meta property=\"og:site_name\" content=\"Nepal Mountain Trekkers Germany\" \/>\n<meta property=\"article:modified_time\" content=\"2021-04-07T07:54:48+00:00\" \/>\n<meta name=\"twitter:card\" content=\"summary_large_image\" \/>\n<meta name=\"twitter:label1\" content=\"Est. reading time\" \/>\n\t<meta name=\"twitter:data1\" content=\"3 minutes\" \/>\n<script type=\"application\/ld+json\" class=\"yoast-schema-graph\">{\"@context\":\"https:\/\/schema.org\",\"@graph\":[{\"@type\":\"WebPage\",\"@id\":\"https:\/\/www.nepalmountaintrekkers.com\/de\/warum-nepal-mountain-trekkers\/\",\"url\":\"https:\/\/www.nepalmountaintrekkers.com\/de\/warum-nepal-mountain-trekkers\/\",\"name\":\"Warum Nepal Mountain Trekkers - Nepal Mountain Trekkers Germany\",\"isPartOf\":{\"@id\":\"https:\/\/www.nepalmountaintrekkers.com\/de\/#website\"},\"datePublished\":\"2021-04-02T08:14:54+00:00\",\"dateModified\":\"2021-04-07T07:54:48+00:00\",\"breadcrumb\":{\"@id\":\"https:\/\/www.nepalmountaintrekkers.com\/de\/warum-nepal-mountain-trekkers\/#breadcrumb\"},\"inLanguage\":\"en-US\",\"potentialAction\":[{\"@type\":\"ReadAction\",\"target\":[\"https:\/\/www.nepalmountaintrekkers.com\/de\/warum-nepal-mountain-trekkers\/\"]}]},{\"@type\":\"BreadcrumbList\",\"@id\":\"https:\/\/www.nepalmountaintrekkers.com\/de\/warum-nepal-mountain-trekkers\/#breadcrumb\",\"itemListElement\":[{\"@type\":\"ListItem\",\"position\":1,\"name\":\"Home\",\"item\":\"https:\/\/www.nepalmountaintrekkers.com\/de\/\"},{\"@type\":\"ListItem\",\"position\":2,\"name\":\"Warum Nepal Mountain Trekkers\"}]},{\"@type\":\"WebSite\",\"@id\":\"https:\/\/www.nepalmountaintrekkers.com\/de\/#website\",\"url\":\"https:\/\/www.nepalmountaintrekkers.com\/de\/\",\"name\":\"Nepal Mountain Trekkers Germany\",\"description\":\"das beste Reiseb\u00fcro f\u00fcr Touren in Nepal, Trekking in Nepal und Gipfelbesteigungen in Nepal\",\"potentialAction\":[{\"@type\":\"SearchAction\",\"target\":{\"@type\":\"EntryPoint\",\"urlTemplate\":\"https:\/\/www.nepalmountaintrekkers.com\/de\/?s={search_term_string}\"},\"query-input\":{\"@type\":\"PropertyValueSpecification\",\"valueRequired\":true,\"valueName\":\"search_term_string\"}}],\"inLanguage\":\"en-US\"}]}<\/script>\n<!-- \/ Yoast SEO plugin. -->","yoast_head_json":{"title":"Warum Nepal Mountain Trekkers - Nepal Mountain Trekkers Germany","robots":{"index":"index","follow":"follow","max-snippet":"max-snippet:-1","max-image-preview":"max-image-preview:large","max-video-preview":"max-video-preview:-1"},"canonical":"https:\/\/www.nepalmountaintrekkers.com\/de\/warum-nepal-mountain-trekkers\/","og_locale":"en_US","og_type":"article","og_title":"Warum Nepal Mountain Trekkers - Nepal Mountain Trekkers Germany","og_description":"Es ist eine gute Frage. Da &nbsp;es in Nepal Tausende von Reiseb\u00fcros und Trekkingunternehmen gibt, ist es jedoch wirklich schwer zu entscheiden, ob sie vertrauensw\u00fcrdig sind oder nicht. Bitte werfen Sie einen Blick auf unsere Webseite, warum Sie Nepal Mountain Trekkers als Reisepartner in Nepal w\u00e4hlen sollten. \u201eSicherheit, Zufriedenheit und Erfolg\u201c Es ist offensichtlich, dass [&hellip;]","og_url":"https:\/\/www.nepalmountaintrekkers.com\/de\/warum-nepal-mountain-trekkers\/","og_site_name":"Nepal Mountain Trekkers Germany","article_modified_time":"2021-04-07T07:54:48+00:00","twitter_card":"summary_large_image","twitter_misc":{"Est. reading time":"3 minutes"},"schema":{"@context":"https:\/\/schema.org","@graph":[{"@type":"WebPage","@id":"https:\/\/www.nepalmountaintrekkers.com\/de\/warum-nepal-mountain-trekkers\/","url":"https:\/\/www.nepalmountaintrekkers.com\/de\/warum-nepal-mountain-trekkers\/","name":"Warum Nepal Mountain Trekkers - Nepal Mountain Trekkers Germany","isPartOf":{"@id":"https:\/\/www.nepalmountaintrekkers.com\/de\/#website"},"datePublished":"2021-04-02T08:14:54+00:00","dateModified":"2021-04-07T07:54:48+00:00","breadcrumb":{"@id":"https:\/\/www.nepalmountaintrekkers.com\/de\/warum-nepal-mountain-trekkers\/#breadcrumb"},"inLanguage":"en-US","potentialAction":[{"@type":"ReadAction","target":["https:\/\/www.nepalmountaintrekkers.com\/de\/warum-nepal-mountain-trekkers\/"]}]},{"@type":"BreadcrumbList","@id":"https:\/\/www.nepalmountaintrekkers.com\/de\/warum-nepal-mountain-trekkers\/#breadcrumb","itemListElement":[{"@type":"ListItem","position":1,"name":"Home","item":"https:\/\/www.nepalmountaintrekkers.com\/de\/"},{"@type":"ListItem","position":2,"name":"Warum Nepal Mountain Trekkers"}]},{"@type":"WebSite","@id":"https:\/\/www.nepalmountaintrekkers.com\/de\/#website","url":"https:\/\/www.nepalmountaintrekkers.com\/de\/","name":"Nepal Mountain Trekkers Germany","description":"das beste Reiseb\u00fcro f\u00fcr Touren in Nepal, Trekking in Nepal und Gipfelbesteigungen in Nepal","potentialAction":[{"@type":"SearchAction","target":{"@type":"EntryPoint","urlTemplate":"https:\/\/www.nepalmountaintrekkers.com\/de\/?s={search_term_string}"},"query-input":{"@type":"PropertyValueSpecification","valueRequired":true,"valueName":"search_term_string"}}],"inLanguage":"en-US"}]}},"_links":{"self":[{"href":"https:\/\/www.nepalmountaintrekkers.com\/de\/wp-json\/wp\/v2\/pages\/1819"}],"collection":[{"href":"https:\/\/www.nepalmountaintrekkers.com\/de\/wp-json\/wp\/v2\/pages"}],"about":[{"href":"https:\/\/www.nepalmountaintrekkers.com\/de\/wp-json\/wp\/v2\/types\/page"}],"author":[{"embeddable":true,"href":"https:\/\/www.nepalmountaintrekkers.com\/de\/wp-json\/wp\/v2\/users\/2"}],"replies":[{"embeddable":true,"href":"https:\/\/www.nepalmountaintrekkers.com\/de\/wp-json\/wp\/v2\/comments?post=1819"}],"version-history":[{"count":1,"href":"https:\/\/www.nepalmountaintrekkers.com\/de\/wp-json\/wp\/v2\/pages\/1819\/revisions"}],"predecessor-version":[{"id":1820,"href":"https:\/\/www.nepalmountaintrekkers.com\/de\/wp-json\/wp\/v2\/pages\/1819\/revisions\/1820"}],"wp:attachment":[{"href":"https:\/\/www.nepalmountaintrekkers.com\/de\/wp-json\/wp\/v2\/media?parent=1819"}],"wp:term":[{"taxonomy":"page_category","embeddable":true,"href":"https:\/\/www.nepalmountaintrekkers.com\/de\/wp-json\/wp\/v2\/page_category?post=1819"}],"curies":[{"name":"wp","href":"https:\/\/api.w.org\/{rel}","templated":true}]}}