







{"id":269,"date":"2021-01-09T01:58:12","date_gmt":"2021-01-09T01:58:12","guid":{"rendered":"https:\/\/www.nepalmountaintrekkers.com\/new\/de\/?page_id=269"},"modified":"2021-03-11T14:15:24","modified_gmt":"2021-03-11T08:30:24","slug":"financial-protection-and-no-hidden-cost","status":"publish","type":"page","link":"https:\/\/www.nepalmountaintrekkers.com\/de\/financial-protection-and-no-hidden-cost\/","title":{"rendered":"Finanzieller Schutz und keine versteckten Kosten"},"content":{"rendered":"\n<p>Wenn Sie eine Anfrage bei NMT machen oder eine Reise buchen, erhalten Sie immer ein klares Angebot dem Sie entnehmen k\u00f6nnen, wof\u00fcr der jeweilige Betrag zu entrichten ist und Sie erfahren alle Detail \u00fcber entstehende Kosten. Unsere Transaktionsverfahren gew\u00e4hren Ihnen Sicherheit \u00fcber Ihre Zahlung. Sie k\u00f6nnen sich also sicher f\u00fchlen, wenn Sie Ihr hart verdientes Geld f\u00fcr eine Tour mit uns investieren.<\/p>\n","protected":false},"excerpt":{"rendered":"<p>Wenn Sie eine Anfrage bei NMT machen oder eine Reise buchen, erhalten Sie immer ein klares Angebot dem Sie entnehmen k\u00f6nnen, wof\u00fcr der jeweilige Betrag zu entrichten ist und Sie erfahren alle Detail \u00fcber entstehende Kosten. Unsere Transaktionsverfahren gew\u00e4hren Ihnen Sicherheit \u00fcber Ihre Zahlung. Sie k\u00f6nnen sich also sicher f\u00fchlen, wenn Sie Ihr hart verdientes [&hellip;]<\/p>\n","protected":false},"author":1,"featured_media":0,"parent":0,"menu_order":0,"comment_status":"closed","ping_status":"closed","template":"","meta":{"_acf_changed":false,"footnotes":""},"page_category":[19],"class_list":["post-269","page","type-page","status-publish","hentry","page_category-warum-nepal-mountain-trekkers"],"acf":[],"yoast_head":"<!-- This site is optimized with the Yoast SEO plugin v27.4 - https:\/\/yoast.com\/product\/yoast-seo-wordpress\/ -->\n<title>Finanzieller Schutz und keine versteckten Kosten - Nepal Mountain Trekkers Germany<\/title>\n<meta name=\"robots\" content=\"index, follow, max-snippet:-1, max-image-preview:large, max-video-preview:-1\" \/>\n<link rel=\"canonical\" href=\"https:\/\/www.nepalmountaintrekkers.com\/de\/financial-protection-and-no-hidden-cost\/\" \/>\n<meta property=\"og:locale\" content=\"en_US\" \/>\n<meta property=\"og:type\" content=\"article\" \/>\n<meta property=\"og:title\" content=\"Finanzieller Schutz und keine versteckten Kosten - Nepal Mountain Trekkers Germany\" \/>\n<meta property=\"og:description\" content=\"Wenn Sie eine Anfrage bei NMT machen oder eine Reise buchen, erhalten Sie immer ein klares Angebot dem Sie entnehmen k\u00f6nnen, wof\u00fcr der jeweilige Betrag zu entrichten ist und Sie erfahren alle Detail \u00fcber entstehende Kosten. Unsere Transaktionsverfahren gew\u00e4hren Ihnen Sicherheit \u00fcber Ihre Zahlung. Sie k\u00f6nnen sich also sicher f\u00fchlen, wenn Sie Ihr hart verdientes [&hellip;]\" \/>\n<meta property=\"og:url\" content=\"https:\/\/www.nepalmountaintrekkers.com\/de\/financial-protection-and-no-hidden-cost\/\" \/>\n<meta property=\"og:site_name\" content=\"Nepal Mountain Trekkers Germany\" \/>\n<meta property=\"article:modified_time\" content=\"2021-03-11T08:30:24+00:00\" \/>\n<meta name=\"twitter:card\" content=\"summary_large_image\" \/>\n<meta name=\"twitter:label1\" content=\"Est. reading time\" \/>\n\t<meta name=\"twitter:data1\" content=\"1 minute\" \/>\n<script type=\"application\/ld+json\" class=\"yoast-schema-graph\">{\"@context\":\"https:\\\/\\\/schema.org\",\"@graph\":[{\"@type\":\"WebPage\",\"@id\":\"https:\\\/\\\/www.nepalmountaintrekkers.com\\\/de\\\/financial-protection-and-no-hidden-cost\\\/\",\"url\":\"https:\\\/\\\/www.nepalmountaintrekkers.com\\\/de\\\/financial-protection-and-no-hidden-cost\\\/\",\"name\":\"Finanzieller Schutz und keine versteckten Kosten - Nepal Mountain Trekkers Germany\",\"isPartOf\":{\"@id\":\"https:\\\/\\\/www.nepalmountaintrekkers.com\\\/de\\\/#website\"},\"datePublished\":\"2021-01-09T01:58:12+00:00\",\"dateModified\":\"2021-03-11T08:30:24+00:00\",\"breadcrumb\":{\"@id\":\"https:\\\/\\\/www.nepalmountaintrekkers.com\\\/de\\\/financial-protection-and-no-hidden-cost\\\/#breadcrumb\"},\"inLanguage\":\"en-US\",\"potentialAction\":[{\"@type\":\"ReadAction\",\"target\":[\"https:\\\/\\\/www.nepalmountaintrekkers.com\\\/de\\\/financial-protection-and-no-hidden-cost\\\/\"]}]},{\"@type\":\"BreadcrumbList\",\"@id\":\"https:\\\/\\\/www.nepalmountaintrekkers.com\\\/de\\\/financial-protection-and-no-hidden-cost\\\/#breadcrumb\",\"itemListElement\":[{\"@type\":\"ListItem\",\"position\":1,\"name\":\"Home\",\"item\":\"https:\\\/\\\/www.nepalmountaintrekkers.com\\\/de\\\/\"},{\"@type\":\"ListItem\",\"position\":2,\"name\":\"Finanzieller Schutz und keine versteckten Kosten\"}]},{\"@type\":\"WebSite\",\"@id\":\"https:\\\/\\\/www.nepalmountaintrekkers.com\\\/de\\\/#website\",\"url\":\"https:\\\/\\\/www.nepalmountaintrekkers.com\\\/de\\\/\",\"name\":\"Nepal Mountain Trekkers Germany\",\"description\":\"das beste Reiseb\u00fcro f\u00fcr Touren in Nepal, Trekking in Nepal und Gipfelbesteigungen in Nepal\",\"potentialAction\":[{\"@type\":\"SearchAction\",\"target\":{\"@type\":\"EntryPoint\",\"urlTemplate\":\"https:\\\/\\\/www.nepalmountaintrekkers.com\\\/de\\\/?s={search_term_string}\"},\"query-input\":{\"@type\":\"PropertyValueSpecification\",\"valueRequired\":true,\"valueName\":\"search_term_string\"}}],\"inLanguage\":\"en-US\"}]}<\/script>\n<!-- \/ Yoast SEO plugin. -->","yoast_head_json":{"title":"Finanzieller Schutz und keine versteckten Kosten - Nepal Mountain Trekkers Germany","robots":{"index":"index","follow":"follow","max-snippet":"max-snippet:-1","max-image-preview":"max-image-preview:large","max-video-preview":"max-video-preview:-1"},"canonical":"https:\/\/www.nepalmountaintrekkers.com\/de\/financial-protection-and-no-hidden-cost\/","og_locale":"en_US","og_type":"article","og_title":"Finanzieller Schutz und keine versteckten Kosten - Nepal Mountain Trekkers Germany","og_description":"Wenn Sie eine Anfrage bei NMT machen oder eine Reise buchen, erhalten Sie immer ein klares Angebot dem Sie entnehmen k\u00f6nnen, wof\u00fcr der jeweilige Betrag zu entrichten ist und Sie erfahren alle Detail \u00fcber entstehende Kosten. Unsere Transaktionsverfahren gew\u00e4hren Ihnen Sicherheit \u00fcber Ihre Zahlung. Sie k\u00f6nnen sich also sicher f\u00fchlen, wenn Sie Ihr hart verdientes [&hellip;]","og_url":"https:\/\/www.nepalmountaintrekkers.com\/de\/financial-protection-and-no-hidden-cost\/","og_site_name":"Nepal Mountain Trekkers Germany","article_modified_time":"2021-03-11T08:30:24+00:00","twitter_card":"summary_large_image","twitter_misc":{"Est. reading time":"1 minute"},"schema":{"@context":"https:\/\/schema.org","@graph":[{"@type":"WebPage","@id":"https:\/\/www.nepalmountaintrekkers.com\/de\/financial-protection-and-no-hidden-cost\/","url":"https:\/\/www.nepalmountaintrekkers.com\/de\/financial-protection-and-no-hidden-cost\/","name":"Finanzieller Schutz und keine versteckten Kosten - Nepal Mountain Trekkers Germany","isPartOf":{"@id":"https:\/\/www.nepalmountaintrekkers.com\/de\/#website"},"datePublished":"2021-01-09T01:58:12+00:00","dateModified":"2021-03-11T08:30:24+00:00","breadcrumb":{"@id":"https:\/\/www.nepalmountaintrekkers.com\/de\/financial-protection-and-no-hidden-cost\/#breadcrumb"},"inLanguage":"en-US","potentialAction":[{"@type":"ReadAction","target":["https:\/\/www.nepalmountaintrekkers.com\/de\/financial-protection-and-no-hidden-cost\/"]}]},{"@type":"BreadcrumbList","@id":"https:\/\/www.nepalmountaintrekkers.com\/de\/financial-protection-and-no-hidden-cost\/#breadcrumb","itemListElement":[{"@type":"ListItem","position":1,"name":"Home","item":"https:\/\/www.nepalmountaintrekkers.com\/de\/"},{"@type":"ListItem","position":2,"name":"Finanzieller Schutz und keine versteckten Kosten"}]},{"@type":"WebSite","@id":"https:\/\/www.nepalmountaintrekkers.com\/de\/#website","url":"https:\/\/www.nepalmountaintrekkers.com\/de\/","name":"Nepal Mountain Trekkers Germany","description":"das beste Reiseb\u00fcro f\u00fcr Touren in Nepal, Trekking in Nepal und Gipfelbesteigungen in Nepal","potentialAction":[{"@type":"SearchAction","target":{"@type":"EntryPoint","urlTemplate":"https:\/\/www.nepalmountaintrekkers.com\/de\/?s={search_term_string}"},"query-input":{"@type":"PropertyValueSpecification","valueRequired":true,"valueName":"search_term_string"}}],"inLanguage":"en-US"}]}},"_links":{"self":[{"href":"https:\/\/www.nepalmountaintrekkers.com\/de\/wp-json\/wp\/v2\/pages\/269","targetHints":{"allow":["GET"]}}],"collection":[{"href":"https:\/\/www.nepalmountaintrekkers.com\/de\/wp-json\/wp\/v2\/pages"}],"about":[{"href":"https:\/\/www.nepalmountaintrekkers.com\/de\/wp-json\/wp\/v2\/types\/page"}],"author":[{"embeddable":true,"href":"https:\/\/www.nepalmountaintrekkers.com\/de\/wp-json\/wp\/v2\/users\/1"}],"replies":[{"embeddable":true,"href":"https:\/\/www.nepalmountaintrekkers.com\/de\/wp-json\/wp\/v2\/comments?post=269"}],"version-history":[{"count":3,"href":"https:\/\/www.nepalmountaintrekkers.com\/de\/wp-json\/wp\/v2\/pages\/269\/revisions"}],"predecessor-version":[{"id":1491,"href":"https:\/\/www.nepalmountaintrekkers.com\/de\/wp-json\/wp\/v2\/pages\/269\/revisions\/1491"}],"wp:attachment":[{"href":"https:\/\/www.nepalmountaintrekkers.com\/de\/wp-json\/wp\/v2\/media?parent=269"}],"wp:term":[{"taxonomy":"page_category","embeddable":true,"href":"https:\/\/www.nepalmountaintrekkers.com\/de\/wp-json\/wp\/v2\/page_category?post=269"}],"curies":[{"name":"wp","href":"https:\/\/api.w.org\/{rel}","templated":true}]}}