







{"id":665,"date":"2021-01-21T11:58:56","date_gmt":"2021-01-21T06:13:56","guid":{"rendered":"https:\/\/www.nepalmountaintrekkers.com\/new\/de\/?page_id=665"},"modified":"2021-01-21T11:58:56","modified_gmt":"2021-01-21T06:13:56","slug":"reiseversicherung","status":"publish","type":"page","link":"https:\/\/www.nepalmountaintrekkers.com\/de\/reiseversicherung\/","title":{"rendered":"Reiseversicherung"},"content":{"rendered":"\n<p>Ihre Reiseversicherung wird daf\u00fcr sorgen, dass Sie sich frei in aller Ruhe bewegen k\u00f6nnen , ohne Angst, dass etwaige Kosten f\u00fcr eine Rettung, oder einen Krankenhausaufenthalt , nicht abgedeckt sind. Ihre Reise-Versicherung deckt Rettung und Evakuierung Rechnungen, Arztrechnungen, den Fall des Verlustes des Gep\u00e4cks und f\u00fcr andere Eventualit\u00e4ten ab. Wir m\u00f6chten Sie informieren, dass eine Reise-Versicherung wichtig f\u00fcr Sie ist. Denken Sie immer daran, Sie reisen in ein Land mit verschieden en H\u00f6hen und k\u00f6nnen eventuell auch durch unwegsames Gel\u00e4nde gehen .<\/p>\n\n\n\n<p>Wir bieten keine Reise-Versicherungen, aber wir empfehlen, dass Sie Ihre Reiseversicherungsgesellschaft sehr sorgf\u00e4ltig w\u00e4hlen. Ihre Reiseversicherung muss eine ausreichende Deckung f\u00fcr die Reise zur Verf\u00fcgung stellen. Sie sollten vor Antritt Ihrer Reise, die Voraussetzungen und Bedingungen kennen . F\u00fcr ein Trekking , oder die anderen Aktivit\u00e4ten, sind wir angehalten, uns Ihre Police vorlegen zu lassen . Bitte denken Sie daran, dies ist f\u00fcr Ihre Sicherheit.<\/p>\n","protected":false},"excerpt":{"rendered":"<p>Ihre Reiseversicherung wird daf\u00fcr sorgen, dass Sie sich frei in aller Ruhe bewegen k\u00f6nnen , ohne Angst, dass etwaige Kosten f\u00fcr eine Rettung, oder einen Krankenhausaufenthalt , nicht abgedeckt sind. Ihre Reise-Versicherung deckt Rettung und Evakuierung Rechnungen, Arztrechnungen, den Fall des Verlustes des Gep\u00e4cks und f\u00fcr andere Eventualit\u00e4ten ab. Wir m\u00f6chten Sie informieren, dass eine [&hellip;]<\/p>\n","protected":false},"author":2,"featured_media":0,"parent":0,"menu_order":0,"comment_status":"open","ping_status":"closed","template":"","meta":{"_acf_changed":false,"footnotes":""},"page_category":[22],"class_list":["post-665","page","type-page","status-publish","hentry","page_category-things-to-know-before-trip"],"acf":[],"yoast_head":"<!-- This site is optimized with the Yoast SEO plugin v27.4 - https:\/\/yoast.com\/product\/yoast-seo-wordpress\/ -->\n<title>Reiseversicherung - Nepal Mountain Trekkers Germany<\/title>\n<meta name=\"robots\" content=\"index, follow, max-snippet:-1, max-image-preview:large, max-video-preview:-1\" \/>\n<link rel=\"canonical\" href=\"https:\/\/www.nepalmountaintrekkers.com\/de\/reiseversicherung\/\" \/>\n<meta property=\"og:locale\" content=\"en_US\" \/>\n<meta property=\"og:type\" content=\"article\" \/>\n<meta property=\"og:title\" content=\"Reiseversicherung - Nepal Mountain Trekkers Germany\" \/>\n<meta property=\"og:description\" content=\"Ihre Reiseversicherung wird daf\u00fcr sorgen, dass Sie sich frei in aller Ruhe bewegen k\u00f6nnen , ohne Angst, dass etwaige Kosten f\u00fcr eine Rettung, oder einen Krankenhausaufenthalt , nicht abgedeckt sind. Ihre Reise-Versicherung deckt Rettung und Evakuierung Rechnungen, Arztrechnungen, den Fall des Verlustes des Gep\u00e4cks und f\u00fcr andere Eventualit\u00e4ten ab. Wir m\u00f6chten Sie informieren, dass eine [&hellip;]\" \/>\n<meta property=\"og:url\" content=\"https:\/\/www.nepalmountaintrekkers.com\/de\/reiseversicherung\/\" \/>\n<meta property=\"og:site_name\" content=\"Nepal Mountain Trekkers Germany\" \/>\n<meta name=\"twitter:card\" content=\"summary_large_image\" \/>\n<meta name=\"twitter:label1\" content=\"Est. reading time\" \/>\n\t<meta name=\"twitter:data1\" content=\"1 minute\" \/>\n<script type=\"application\/ld+json\" class=\"yoast-schema-graph\">{\"@context\":\"https:\\\/\\\/schema.org\",\"@graph\":[{\"@type\":\"WebPage\",\"@id\":\"https:\\\/\\\/www.nepalmountaintrekkers.com\\\/de\\\/reiseversicherung\\\/\",\"url\":\"https:\\\/\\\/www.nepalmountaintrekkers.com\\\/de\\\/reiseversicherung\\\/\",\"name\":\"Reiseversicherung - Nepal Mountain Trekkers Germany\",\"isPartOf\":{\"@id\":\"https:\\\/\\\/www.nepalmountaintrekkers.com\\\/de\\\/#website\"},\"datePublished\":\"2021-01-21T06:13:56+00:00\",\"breadcrumb\":{\"@id\":\"https:\\\/\\\/www.nepalmountaintrekkers.com\\\/de\\\/reiseversicherung\\\/#breadcrumb\"},\"inLanguage\":\"en-US\",\"potentialAction\":[{\"@type\":\"ReadAction\",\"target\":[\"https:\\\/\\\/www.nepalmountaintrekkers.com\\\/de\\\/reiseversicherung\\\/\"]}]},{\"@type\":\"BreadcrumbList\",\"@id\":\"https:\\\/\\\/www.nepalmountaintrekkers.com\\\/de\\\/reiseversicherung\\\/#breadcrumb\",\"itemListElement\":[{\"@type\":\"ListItem\",\"position\":1,\"name\":\"Home\",\"item\":\"https:\\\/\\\/www.nepalmountaintrekkers.com\\\/de\\\/\"},{\"@type\":\"ListItem\",\"position\":2,\"name\":\"Reiseversicherung\"}]},{\"@type\":\"WebSite\",\"@id\":\"https:\\\/\\\/www.nepalmountaintrekkers.com\\\/de\\\/#website\",\"url\":\"https:\\\/\\\/www.nepalmountaintrekkers.com\\\/de\\\/\",\"name\":\"Nepal Mountain Trekkers Germany\",\"description\":\"das beste Reiseb\u00fcro f\u00fcr Touren in Nepal, Trekking in Nepal und Gipfelbesteigungen in Nepal\",\"potentialAction\":[{\"@type\":\"SearchAction\",\"target\":{\"@type\":\"EntryPoint\",\"urlTemplate\":\"https:\\\/\\\/www.nepalmountaintrekkers.com\\\/de\\\/?s={search_term_string}\"},\"query-input\":{\"@type\":\"PropertyValueSpecification\",\"valueRequired\":true,\"valueName\":\"search_term_string\"}}],\"inLanguage\":\"en-US\"}]}<\/script>\n<!-- \/ Yoast SEO plugin. -->","yoast_head_json":{"title":"Reiseversicherung - Nepal Mountain Trekkers Germany","robots":{"index":"index","follow":"follow","max-snippet":"max-snippet:-1","max-image-preview":"max-image-preview:large","max-video-preview":"max-video-preview:-1"},"canonical":"https:\/\/www.nepalmountaintrekkers.com\/de\/reiseversicherung\/","og_locale":"en_US","og_type":"article","og_title":"Reiseversicherung - Nepal Mountain Trekkers Germany","og_description":"Ihre Reiseversicherung wird daf\u00fcr sorgen, dass Sie sich frei in aller Ruhe bewegen k\u00f6nnen , ohne Angst, dass etwaige Kosten f\u00fcr eine Rettung, oder einen Krankenhausaufenthalt , nicht abgedeckt sind. Ihre Reise-Versicherung deckt Rettung und Evakuierung Rechnungen, Arztrechnungen, den Fall des Verlustes des Gep\u00e4cks und f\u00fcr andere Eventualit\u00e4ten ab. Wir m\u00f6chten Sie informieren, dass eine [&hellip;]","og_url":"https:\/\/www.nepalmountaintrekkers.com\/de\/reiseversicherung\/","og_site_name":"Nepal Mountain Trekkers Germany","twitter_card":"summary_large_image","twitter_misc":{"Est. reading time":"1 minute"},"schema":{"@context":"https:\/\/schema.org","@graph":[{"@type":"WebPage","@id":"https:\/\/www.nepalmountaintrekkers.com\/de\/reiseversicherung\/","url":"https:\/\/www.nepalmountaintrekkers.com\/de\/reiseversicherung\/","name":"Reiseversicherung - Nepal Mountain Trekkers Germany","isPartOf":{"@id":"https:\/\/www.nepalmountaintrekkers.com\/de\/#website"},"datePublished":"2021-01-21T06:13:56+00:00","breadcrumb":{"@id":"https:\/\/www.nepalmountaintrekkers.com\/de\/reiseversicherung\/#breadcrumb"},"inLanguage":"en-US","potentialAction":[{"@type":"ReadAction","target":["https:\/\/www.nepalmountaintrekkers.com\/de\/reiseversicherung\/"]}]},{"@type":"BreadcrumbList","@id":"https:\/\/www.nepalmountaintrekkers.com\/de\/reiseversicherung\/#breadcrumb","itemListElement":[{"@type":"ListItem","position":1,"name":"Home","item":"https:\/\/www.nepalmountaintrekkers.com\/de\/"},{"@type":"ListItem","position":2,"name":"Reiseversicherung"}]},{"@type":"WebSite","@id":"https:\/\/www.nepalmountaintrekkers.com\/de\/#website","url":"https:\/\/www.nepalmountaintrekkers.com\/de\/","name":"Nepal Mountain Trekkers Germany","description":"das beste Reiseb\u00fcro f\u00fcr Touren in Nepal, Trekking in Nepal und Gipfelbesteigungen in Nepal","potentialAction":[{"@type":"SearchAction","target":{"@type":"EntryPoint","urlTemplate":"https:\/\/www.nepalmountaintrekkers.com\/de\/?s={search_term_string}"},"query-input":{"@type":"PropertyValueSpecification","valueRequired":true,"valueName":"search_term_string"}}],"inLanguage":"en-US"}]}},"_links":{"self":[{"href":"https:\/\/www.nepalmountaintrekkers.com\/de\/wp-json\/wp\/v2\/pages\/665","targetHints":{"allow":["GET"]}}],"collection":[{"href":"https:\/\/www.nepalmountaintrekkers.com\/de\/wp-json\/wp\/v2\/pages"}],"about":[{"href":"https:\/\/www.nepalmountaintrekkers.com\/de\/wp-json\/wp\/v2\/types\/page"}],"author":[{"embeddable":true,"href":"https:\/\/www.nepalmountaintrekkers.com\/de\/wp-json\/wp\/v2\/users\/2"}],"replies":[{"embeddable":true,"href":"https:\/\/www.nepalmountaintrekkers.com\/de\/wp-json\/wp\/v2\/comments?post=665"}],"version-history":[{"count":1,"href":"https:\/\/www.nepalmountaintrekkers.com\/de\/wp-json\/wp\/v2\/pages\/665\/revisions"}],"predecessor-version":[{"id":666,"href":"https:\/\/www.nepalmountaintrekkers.com\/de\/wp-json\/wp\/v2\/pages\/665\/revisions\/666"}],"wp:attachment":[{"href":"https:\/\/www.nepalmountaintrekkers.com\/de\/wp-json\/wp\/v2\/media?parent=665"}],"wp:term":[{"taxonomy":"page_category","embeddable":true,"href":"https:\/\/www.nepalmountaintrekkers.com\/de\/wp-json\/wp\/v2\/page_category?post=665"}],"curies":[{"name":"wp","href":"https:\/\/api.w.org\/{rel}","templated":true}]}}