







{"id":670,"date":"2021-01-21T12:12:14","date_gmt":"2021-01-21T06:27:14","guid":{"rendered":"https:\/\/www.nepalmountaintrekkers.com\/new\/de\/?page_id=670"},"modified":"2021-03-31T15:35:31","modified_gmt":"2021-03-31T09:50:31","slug":"geschaftsbedingungen","status":"publish","type":"page","link":"https:\/\/www.nepalmountaintrekkers.com\/de\/geschaftsbedingungen\/","title":{"rendered":"Gesch\u00e4ftsbedingungen"},"content":{"rendered":"\n<p>Nepal Mountain Trekkers ist eine Gesellschaft mit beschr\u00e4nkter Haftung nach den Gesetzen der Regierung von Nepal und des Nepal Tourism Board. Wir akzeptieren die Buchungen unserer Kunden zu den folgenden Allgemeinen Gesch\u00e4ftsbedingungen:<\/p>\n\n\n\n<p>Daher m\u00f6chten wir unsere Kunden bitten , diese Allgemeinen Gesch\u00e4ftsbedingungen gr\u00fcndlich durchzulesen, bevor Sie Trekking-, Touren-, Bergsteigen &nbsp;oder andere Aktivit\u00e4ten buchen, um auf der sicheren Seite zu sein.<\/p>\n\n\n\n<h5 class=\"wp-block-heading\">Vertragspolitik<\/h5>\n\n\n\n<p>Die Kunden sind verpflichtet, uns die eingescannten Kopien ihres Reisepasses und mindestens 25% des Gesamtreisepreises als Anzahlung zur Verf\u00fcgung zu stellen, um &nbsp;Reisen mit Nepal Mountain Trekkers buchen zu k\u00f6nnen. Bitte beachten Sie, dass die Anzahlung nicht verpflichtend ist. Sie k\u00f6nnen den Restbetrag bei Ankunft in Kathmandu vor Reiseantritt oder den Gesamtbetrag als Pauschalbetrag zahlen, je nachdem, was f\u00fcr Sie am Besten ist.<\/p>\n\n\n\n<h5 class=\"wp-block-heading\">Zahlungsmofifikationen<\/h5>\n\n\n\n<p>Die Zahlung sollte in der Standardw\u00e4hrung erfolgen, die von der Nepal Rastra Bank \/ Regierung in Nepal genehmigt und akzeptiert wird.<\/p>\n\n\n\n<h5 class=\"wp-block-heading\">Zahlungsart<\/h5>\n\n\n\n<p>Sie k\u00f6nnen die Zahlung entweder \u00fcber Karten vornehmen, wir akzeptieren VISA, MasterCard, JCT, UniPay und SCT. Die Bank berechnet jedoch eine Bearbeitungsgeb\u00fchr von 3,75% auf den Gesamtbetrag, wenn Sie mit Karten bezahlen. Da Online-Zahlungsmittel wie PayPal in Nepal nicht zugelassen sind und Sie in Nepal nicht online bezahlen k\u00f6nnen, besteht die M\u00f6glichkeit \u00fcber einen Vertreter in Deutschland Zahliungen \u00fcber PayPal zu t\u00e4tigen .<\/p>\n\n\n\n<p>Sie k\u00f6nnen ebenfalls &nbsp;Zahlung auch per Bank\u00fcberweisung vornehmen. Bitte beachten Sie, dass die Bank interne Servicegeb\u00fchren in Rechnung stellen kann. Daher m\u00f6chten wir unsere Kundenbitten Zahlungen zu leisten, um sicherzustellen, dass unser Unternehmen die gesamten Reisekosten erh\u00e4lt.<\/p>\n\n\n\n<h5 class=\"wp-block-heading\">Bankdaten<\/h5>\n\n\n\n<p><strong>Unsere Details f\u00fcr Bankeinlagen in USD:<\/strong><\/p>\n\n\n\n<p><strong>Name des Bankkontoinhabers:<\/strong> Nepal Mountain Trekkers Pvt. GmbH.<\/p>\n\n\n\n<p><strong>Bankverbindung Nr .:<\/strong> 01905816240022<\/p>\n\n\n\n<p><strong>Art des Kontos:<\/strong> Girokonto<\/p>\n\n\n\n<p><strong>SWIFT:<\/strong> HIMANPKA<\/p>\n\n\n\n<p><strong>Bankadresse:<\/strong><\/p>\n\n\n\n<p><strong>HIMALAYAN BANK LTD<\/strong><\/p>\n\n\n\n<p><strong>KSK, das Tridevi Marg, Thamel, Kathmandu Nepal errichtet<\/strong><\/p>\n\n\n\n<p><strong>O.Box Nr .: 20590<\/strong><\/p>\n\n\n\n<p><strong>Tel .: 00977-1-4253729, Fax-Nr .: 00977-1-4253054<\/strong><\/p>\n\n\n\n<h5 class=\"wp-block-heading\">Stornierungsbedingungen<\/h5>\n\n\n\n<h5 class=\"wp-block-heading\">Stornierung durch den Kunden<\/h5>\n\n\n\n<p>Um die Reise zu stornieren, ist der Kunde verpflichtet, Nepal Mountain Trekkers einen Monat vor Reiseantritt &nbsp;zu benachrichtigen. In diesem Fall werden jedoch 10% der Reisekosten als Stornokosten berechnet. Wenn die Kunden uns nicht informiern bzw. erst &nbsp;bis 20 Tage vor der Reise , eine 20% ige Zusatzzahlung auf die Gesamtreisekosten als Stornierungskosten berechnet. Andernfalls sind wir nicht zur Erstattung der Anzahlung verpflichtet, da der gezahlte &nbsp;Betrag des Kunden bereits bei der Vermittlung von Dienstleistungen wie Unterk\u00fcnften, F\u00fchrungen usw. verwendet wurde.<\/p>\n\n\n\n<h5 class=\"wp-block-heading\">Stornierung durch uns<\/h5>\n\n\n\n<p>Im Falle von unkontrollierbaren Faktoren wie Naturkatastrophen, politischer Instabilit\u00e4t usw. haben die Nepal Mountain Trekkers das Recht, die Reise mit vorheriger Benachrichtigung der Kunden abzusagen. In diesem Fall werden die Kunden aufgefordert, zu warten und ihr Vorhaben zu verschieben, oder sie erhalten eine weitere Reise zu denselben Kosten, damit die Bezahlung unserer Kunden nicht verloren geht.<\/p>\n\n\n\n<h5 class=\"wp-block-heading\">\u00c4nderung der Reise oder K\u00fcndigung aufgrund von Gr\u00fcnden, die au\u00dferhalb unserer &nbsp;Kontrolle liegen<\/h5>\n\n\n\n<p>Wenn die Kunden eine \u00c4nderung in der Reise vornehmen m\u00f6chten, z. B. das Verschieben des Reisetermins oder das \u00c4ndern der Reiseroute oder das Wechseln der gesamten Reise mit einer anderen, aus welchem Grund auch &nbsp;immer, dann bitte informieren sie uns eine Woche vor der Reise bezw dem Abflugdatum. Bitte beachten Sie, dass beim Wechseln der Reise mit einem anderen Ziel, h\u00f6here Kosten als der gebuchten Reise erforderlich sein k\u00f6nnen.<\/p>\n\n\n\n<h5 class=\"wp-block-heading\">Kinder auf Reisen<\/h5>\n\n\n\n<p>Wenn Kinder reisen, liegt die Verantwortung bei ihrem Vormund und nicht bei unserem Unternehmen. &nbsp;Kosten f\u00fcr Flugtickets usw. werden f\u00fcr Kinder berechnet. Berechnung f\u00fcr Eintritte obliegt den Vernastaltern. Bei &nbsp;vielen werden erst ab 5 Jahre Eintrittspreise berechnet.<\/p>\n\n\n\n<h5 class=\"wp-block-heading\">Behinderte Person<\/h5>\n\n\n\n<p>Nepal Mountain Trekkers erm\u00f6glichet &nbsp;angemessene Behinderten Reisen. Die betreoffenen Personen sollten &nbsp;das bestehde Risiko einsch\u00e4tzen k\u00f6nnen. Eine behinderte Person erh\u00e4lt eine vollst\u00e4ndige R\u00fcckerstattung ohne Stornierungsgeb\u00fchr f\u00fcr den Fall, dass sie ihre Reise stornieren m\u00f6chte.. Daf\u00fcr sind jedoch die Dokumente oder Nachweise erforderlich.<\/p>\n\n\n\n<h5 class=\"wp-block-heading\">Vorzeitige R\u00fcckreise \/ Unvollst\u00e4ndige Tour<\/h5>\n\n\n\n<p>Falls Sie aus irgendeinem Grund fr\u00fcher zur\u00fcckkehren sollten, &nbsp;k\u00f6nnen Nepal Mountain Trekkers Ihre Reisekosten nicht erstatten.<\/p>\n\n\n\n<p>Ausgenommen aufgrund des Ausfalls unseres Unternehmens.. Das Unternehmen erstattet den Betrag abz\u00fcglich der im Falle des Ausfalls des Unternehmens entstandenen Kosten.<\/p>\n\n\n\n<h5 class=\"wp-block-heading\">Last Minute Buchung<\/h5>\n\n\n\n<p>Nepal Mountain Trekkers bietet unseren Kunden auch Last-Minute-Buchungen an, sodass Sie die Reise auch eine Woche vor Reiseantritt buchen k\u00f6nnen. Bei manchen Reisen ist dies jedoch m\u00f6glicherweise nicht m\u00f6glich.<\/p>\n\n\n\n<h5 class=\"wp-block-heading\">Verschieben Sie die Reise<\/h5>\n\n\n\n<p>Die Kunden m\u00fcssen Nepal Mountain Trekkers 10 Tage vor Reiseantritt informieren, falls sie ihre Reise aus irgendeinem Grund verschieben m\u00fcssen. Wenn sie uns die Mitteilung nicht vor 10 Tagen vor Reiseantritt \u00fcbermitteln, werden ihnen 20% des Reisepreises f\u00fcr die Verschiebung der Reise berechnet.<\/p>\n\n\n\n<p>Nepal Mountain Trekkers hat jedoch das Recht, die Reise mit einer fr\u00fcheren Mitteilung an den Kunden aus Gr\u00fcnden zu verschieben, die au\u00dferhalb des Einflussbereichs , wie Naturkatastrophen, politische Instabilit\u00e4t und bedingungslose Wetterbedingungen liegen, um unerw\u00fcnschte Risiken w\u00e4hrend der Reise zu vermeiden.<\/p>\n\n\n\n<h5 class=\"wp-block-heading\">Reiseversicherung<\/h5>\n\n\n\n<p>Da es in Nepal nicht m\u00f6glich ist, eine Versicherung f\u00fcr Ausl\u00e4nder zu erhalten, wird empfohlen, sich vor Ihrer Reise nach Nepal zu versichern. Bitte stellen Sie sicher, dass folgende Ausgaben abgedeckt: sind<\/p>\n\n\n\n<p>Arztkosten und Krankenhausleistung<\/p>\n\n\n\n<p>Personenunfall und Haftung<\/p>\n\n\n\n<p>Urlaubsabbruch, bzw. vorzeitige Abreise<\/p>\n\n\n\n<p>Reiser\u00fccktritt<\/p>\n\n\n\n<p>Versp\u00e4teter Abflug<\/p>\n\n\n\n<p>H\u00f6here Kosten auf Grund versp\u00e4teter Abreise<\/p>\n\n\n\n<p>Geplanter Ausfall der Fluggesellschaft<\/p>\n\n\n\n<p>Notfall-R\u00fcckf\u00fchrung (einschlie\u00dflich Helikopter-Rettung und Flugambulanz, falls zutreffend)<\/p>\n\n\n\n<p>Pers\u00f6nliche Gegenst\u00e4nde und Gep\u00e4ck<\/p>\n\n\n\n<p>Nun, es ist nicht obligatorisch, versichert zu sein, aber wie wir bereits wissen, ist \u201eVorbeugen besser als heilen\u201c. Wenn Sie versichert sind, k\u00f6nnen Sie entspannt und unbesorgt reisen.<\/p>\n\n\n\n<h5 class=\"wp-block-heading\">Flugversp\u00e4tung und Stornierung<\/h5>\n\n\n\n<p>Aufgrund schlechten Wetters werden die Fl\u00fcge in Nepal oft versp\u00e4tet und, oder &nbsp;storniert. In solchen F\u00e4llen haften die Nepal Mountain Trekkers nicht f\u00fcr zus\u00e4tzliche Kosten. Daher m\u00f6chten wir unsere Kunden bitten, sich auf einige Puffertage und zus\u00e4tzliches Geld auf solche F\u00e4lle einzustellen.<\/p>\n\n\n\n<h5 class=\"wp-block-heading\">\u00c4nderungen im Reiseverlauf<\/h5>\n\n\n\n<p>Aus Gr\u00fcnden wie Naturgewalten oder anderen Ursachen, die au\u00dferhalb unseres Einflussbereiches liegen, kann Nepal Mountain Trekkers, falls es nicht angebracht erscheint, die vorgesehene Reiseroute \u00e4ndern. Dies wir dann mit ihnen besprochen. Wir m\u00f6chten sie nicht in Gefahr bringen. Unsere Kunden haben dagegen die M\u00f6glichkeit, \u00c4nderungen an der bestehenden Reiseroute gem\u00e4\u00df ihren Anforderungen vorzunehmen.<\/p>\n\n\n\n<h5 class=\"wp-block-heading\">Medizinische Bedingungen und Gesundheitsanforderungen<\/h5>\n\n\n\n<p>Unsere Kunden werden gebeten, uns \u00fcber die bereits bestehenden Erkrankungen oder etwaige Behinderungen, die einen Risikofaktor f\u00fcr die Reise darstellen k\u00f6nnten, zu informieren. Unseren Kunden wird daher empfohlen, ihren Arzt vor der Abreise zu besuchen um gesundheitliches Risiko w\u00e4hrend der Reise zu vermeiden. Einige Reisen sind jedoch aufgrund von Faktoren wie Alter, Schwangerschaft, k\u00f6rperlichen oder psychischen St\u00f6rungen usw. f\u00fcr manche Menschen ung\u00fcnstig. Bitte denken sie auch immer daran, dass &nbsp;bei H\u00f6hnen \u00fcber 3000 Meter der Sauerstoffanteil in der Luft abnimmt. Sie sollten sich bei Reisen in diese H\u00f6hnen ausreichend vorbereiten .<\/p>\n\n\n\n<p>Es wird ausdr\u00fccklich darauf hingewiesen, dass Nepal Mountain Trekkers nicht f\u00fcr die Annullierung oder das Versagen der Reise verantwortlich gemacht werden k\u00f6nnen, wenn die Kunden auf der Reise krank werden, oder breits vorher gesundheitliche Risiken bestehen. &nbsp;Es wird auch darauf hingewiesen, dass unser Unternehmen nicht f\u00fcr Verletzungen haftet, die die Kunden w\u00e4hrend des Treks erleiden. Daher empfehlen wir den Abschluss einer Versicherung.<\/p>\n\n\n\n<h5 class=\"wp-block-heading\">Revisionen<\/h5>\n\n\n\n<p>Nepal Mountain Trekkers k\u00f6nnen jederzeit \u00c4nderungen und \u00c4nderungen in den Allgemeinen Gesch\u00e4ftsbedingungen vornehmen. Wir sind nicht daf\u00fcr verantwortlich, die Kunden nicht auf die \u00c4nderungen aufmerksam zu machen, und es wird gebeten, dass unsere Kunden \u00fcber alle \u00c4nderungen in diesen Allgemeinen Gesch\u00e4ftsbedingungen auf dem Laufenden gehalten werden.<\/p>\n","protected":false},"excerpt":{"rendered":"<p>Nepal Mountain Trekkers ist eine Gesellschaft mit beschr\u00e4nkter Haftung nach den Gesetzen der Regierung von Nepal und des Nepal Tourism Board. Wir akzeptieren die Buchungen unserer Kunden zu den folgenden Allgemeinen Gesch\u00e4ftsbedingungen: Daher m\u00f6chten wir unsere Kunden bitten , diese Allgemeinen Gesch\u00e4ftsbedingungen gr\u00fcndlich durchzulesen, bevor Sie Trekking-, Touren-, Bergsteigen &nbsp;oder andere Aktivit\u00e4ten buchen, um auf [&hellip;]<\/p>\n","protected":false},"author":2,"featured_media":0,"parent":0,"menu_order":0,"comment_status":"closed","ping_status":"closed","template":"","meta":{"_acf_changed":false,"footnotes":""},"page_category":[22],"class_list":["post-670","page","type-page","status-publish","hentry","page_category-things-to-know-before-trip"],"acf":[],"yoast_head":"<!-- This site is optimized with the Yoast SEO plugin v27.4 - https:\/\/yoast.com\/product\/yoast-seo-wordpress\/ -->\n<title>Gesch\u00e4ftsbedingungen - Nepal Mountain Trekkers Germany<\/title>\n<meta name=\"robots\" content=\"index, follow, max-snippet:-1, max-image-preview:large, max-video-preview:-1\" \/>\n<link rel=\"canonical\" href=\"https:\/\/www.nepalmountaintrekkers.com\/de\/geschaftsbedingungen\/\" \/>\n<meta property=\"og:locale\" content=\"en_US\" \/>\n<meta property=\"og:type\" content=\"article\" \/>\n<meta property=\"og:title\" content=\"Gesch\u00e4ftsbedingungen - Nepal Mountain Trekkers Germany\" \/>\n<meta property=\"og:description\" content=\"Nepal Mountain Trekkers ist eine Gesellschaft mit beschr\u00e4nkter Haftung nach den Gesetzen der Regierung von Nepal und des Nepal Tourism Board. Wir akzeptieren die Buchungen unserer Kunden zu den folgenden Allgemeinen Gesch\u00e4ftsbedingungen: Daher m\u00f6chten wir unsere Kunden bitten , diese Allgemeinen Gesch\u00e4ftsbedingungen gr\u00fcndlich durchzulesen, bevor Sie Trekking-, Touren-, Bergsteigen &nbsp;oder andere Aktivit\u00e4ten buchen, um auf [&hellip;]\" \/>\n<meta property=\"og:url\" content=\"https:\/\/www.nepalmountaintrekkers.com\/de\/geschaftsbedingungen\/\" \/>\n<meta property=\"og:site_name\" content=\"Nepal Mountain Trekkers Germany\" \/>\n<meta property=\"article:modified_time\" content=\"2021-03-31T09:50:31+00:00\" \/>\n<meta name=\"twitter:card\" content=\"summary_large_image\" \/>\n<meta name=\"twitter:label1\" content=\"Est. reading time\" \/>\n\t<meta name=\"twitter:data1\" content=\"6 minutes\" \/>\n<script type=\"application\/ld+json\" class=\"yoast-schema-graph\">{\"@context\":\"https:\\\/\\\/schema.org\",\"@graph\":[{\"@type\":\"WebPage\",\"@id\":\"https:\\\/\\\/www.nepalmountaintrekkers.com\\\/de\\\/geschaftsbedingungen\\\/\",\"url\":\"https:\\\/\\\/www.nepalmountaintrekkers.com\\\/de\\\/geschaftsbedingungen\\\/\",\"name\":\"Gesch\u00e4ftsbedingungen - Nepal Mountain Trekkers Germany\",\"isPartOf\":{\"@id\":\"https:\\\/\\\/www.nepalmountaintrekkers.com\\\/de\\\/#website\"},\"datePublished\":\"2021-01-21T06:27:14+00:00\",\"dateModified\":\"2021-03-31T09:50:31+00:00\",\"breadcrumb\":{\"@id\":\"https:\\\/\\\/www.nepalmountaintrekkers.com\\\/de\\\/geschaftsbedingungen\\\/#breadcrumb\"},\"inLanguage\":\"en-US\",\"potentialAction\":[{\"@type\":\"ReadAction\",\"target\":[\"https:\\\/\\\/www.nepalmountaintrekkers.com\\\/de\\\/geschaftsbedingungen\\\/\"]}]},{\"@type\":\"BreadcrumbList\",\"@id\":\"https:\\\/\\\/www.nepalmountaintrekkers.com\\\/de\\\/geschaftsbedingungen\\\/#breadcrumb\",\"itemListElement\":[{\"@type\":\"ListItem\",\"position\":1,\"name\":\"Home\",\"item\":\"https:\\\/\\\/www.nepalmountaintrekkers.com\\\/de\\\/\"},{\"@type\":\"ListItem\",\"position\":2,\"name\":\"Gesch\u00e4ftsbedingungen\"}]},{\"@type\":\"WebSite\",\"@id\":\"https:\\\/\\\/www.nepalmountaintrekkers.com\\\/de\\\/#website\",\"url\":\"https:\\\/\\\/www.nepalmountaintrekkers.com\\\/de\\\/\",\"name\":\"Nepal Mountain Trekkers Germany\",\"description\":\"das beste Reiseb\u00fcro f\u00fcr Touren in Nepal, Trekking in Nepal und Gipfelbesteigungen in Nepal\",\"potentialAction\":[{\"@type\":\"SearchAction\",\"target\":{\"@type\":\"EntryPoint\",\"urlTemplate\":\"https:\\\/\\\/www.nepalmountaintrekkers.com\\\/de\\\/?s={search_term_string}\"},\"query-input\":{\"@type\":\"PropertyValueSpecification\",\"valueRequired\":true,\"valueName\":\"search_term_string\"}}],\"inLanguage\":\"en-US\"}]}<\/script>\n<!-- \/ Yoast SEO plugin. -->","yoast_head_json":{"title":"Gesch\u00e4ftsbedingungen - Nepal Mountain Trekkers Germany","robots":{"index":"index","follow":"follow","max-snippet":"max-snippet:-1","max-image-preview":"max-image-preview:large","max-video-preview":"max-video-preview:-1"},"canonical":"https:\/\/www.nepalmountaintrekkers.com\/de\/geschaftsbedingungen\/","og_locale":"en_US","og_type":"article","og_title":"Gesch\u00e4ftsbedingungen - Nepal Mountain Trekkers Germany","og_description":"Nepal Mountain Trekkers ist eine Gesellschaft mit beschr\u00e4nkter Haftung nach den Gesetzen der Regierung von Nepal und des Nepal Tourism Board. Wir akzeptieren die Buchungen unserer Kunden zu den folgenden Allgemeinen Gesch\u00e4ftsbedingungen: Daher m\u00f6chten wir unsere Kunden bitten , diese Allgemeinen Gesch\u00e4ftsbedingungen gr\u00fcndlich durchzulesen, bevor Sie Trekking-, Touren-, Bergsteigen &nbsp;oder andere Aktivit\u00e4ten buchen, um auf [&hellip;]","og_url":"https:\/\/www.nepalmountaintrekkers.com\/de\/geschaftsbedingungen\/","og_site_name":"Nepal Mountain Trekkers Germany","article_modified_time":"2021-03-31T09:50:31+00:00","twitter_card":"summary_large_image","twitter_misc":{"Est. reading time":"6 minutes"},"schema":{"@context":"https:\/\/schema.org","@graph":[{"@type":"WebPage","@id":"https:\/\/www.nepalmountaintrekkers.com\/de\/geschaftsbedingungen\/","url":"https:\/\/www.nepalmountaintrekkers.com\/de\/geschaftsbedingungen\/","name":"Gesch\u00e4ftsbedingungen - Nepal Mountain Trekkers Germany","isPartOf":{"@id":"https:\/\/www.nepalmountaintrekkers.com\/de\/#website"},"datePublished":"2021-01-21T06:27:14+00:00","dateModified":"2021-03-31T09:50:31+00:00","breadcrumb":{"@id":"https:\/\/www.nepalmountaintrekkers.com\/de\/geschaftsbedingungen\/#breadcrumb"},"inLanguage":"en-US","potentialAction":[{"@type":"ReadAction","target":["https:\/\/www.nepalmountaintrekkers.com\/de\/geschaftsbedingungen\/"]}]},{"@type":"BreadcrumbList","@id":"https:\/\/www.nepalmountaintrekkers.com\/de\/geschaftsbedingungen\/#breadcrumb","itemListElement":[{"@type":"ListItem","position":1,"name":"Home","item":"https:\/\/www.nepalmountaintrekkers.com\/de\/"},{"@type":"ListItem","position":2,"name":"Gesch\u00e4ftsbedingungen"}]},{"@type":"WebSite","@id":"https:\/\/www.nepalmountaintrekkers.com\/de\/#website","url":"https:\/\/www.nepalmountaintrekkers.com\/de\/","name":"Nepal Mountain Trekkers Germany","description":"das beste Reiseb\u00fcro f\u00fcr Touren in Nepal, Trekking in Nepal und Gipfelbesteigungen in Nepal","potentialAction":[{"@type":"SearchAction","target":{"@type":"EntryPoint","urlTemplate":"https:\/\/www.nepalmountaintrekkers.com\/de\/?s={search_term_string}"},"query-input":{"@type":"PropertyValueSpecification","valueRequired":true,"valueName":"search_term_string"}}],"inLanguage":"en-US"}]}},"_links":{"self":[{"href":"https:\/\/www.nepalmountaintrekkers.com\/de\/wp-json\/wp\/v2\/pages\/670","targetHints":{"allow":["GET"]}}],"collection":[{"href":"https:\/\/www.nepalmountaintrekkers.com\/de\/wp-json\/wp\/v2\/pages"}],"about":[{"href":"https:\/\/www.nepalmountaintrekkers.com\/de\/wp-json\/wp\/v2\/types\/page"}],"author":[{"embeddable":true,"href":"https:\/\/www.nepalmountaintrekkers.com\/de\/wp-json\/wp\/v2\/users\/2"}],"replies":[{"embeddable":true,"href":"https:\/\/www.nepalmountaintrekkers.com\/de\/wp-json\/wp\/v2\/comments?post=670"}],"version-history":[{"count":1,"href":"https:\/\/www.nepalmountaintrekkers.com\/de\/wp-json\/wp\/v2\/pages\/670\/revisions"}],"predecessor-version":[{"id":671,"href":"https:\/\/www.nepalmountaintrekkers.com\/de\/wp-json\/wp\/v2\/pages\/670\/revisions\/671"}],"wp:attachment":[{"href":"https:\/\/www.nepalmountaintrekkers.com\/de\/wp-json\/wp\/v2\/media?parent=670"}],"wp:term":[{"taxonomy":"page_category","embeddable":true,"href":"https:\/\/www.nepalmountaintrekkers.com\/de\/wp-json\/wp\/v2\/page_category?post=670"}],"curies":[{"name":"wp","href":"https:\/\/api.w.org\/{rel}","templated":true}]}}